{"id":9,"date":"2019-03-09T19:08:35","date_gmt":"2019-03-09T18:08:35","guid":{"rendered":"http:\/\/serwisgsm.sanok.pl\/?page_id=9"},"modified":"2019-05-18T20:49:01","modified_gmt":"2019-05-18T18:49:01","slug":"o-nas","status":"publish","type":"page","link":"https:\/\/mserwis.info\/","title":{"rendered":"O nas"},"content":{"rendered":"<p>Nasza firma dzia\u0142a w bran\u017cy GSM od 1999 roku co stanowi najwi\u0119ksze do\u015bwiadczenie i\u00a0 najwi\u0119ksz\u0105 baz\u0119 wiedzy w\u015br\u00f3d okolicznych serwis\u00f3w GSM.<br \/>\nNasz serwis gwarantuje dobr\u0105 i szybk\u0105 napraw\u0119. Do napraw u\u017cywamy oryginalnych podzespo\u0142\u00f3w, na kt\u00f3re dajemy gwarancj\u0119 producenta. Dobry serwis to r\u00f3wnie\u017c dobrzy serwisanci. Nasi serwisanci maj\u0105 d\u0142ugoletnie do\u015bwiadczenie w dziedzinie napraw sprz\u0119tu GSM dlatego naprawy wykonywane s\u0105 na najwy\u017cszym poziomie, przy zachowaniu przyst\u0119pnej ceny.<\/p>\n","protected":false},"excerpt":{"rendered":"<p>Nasza firma dzia\u0142a w bran\u017cy GSM od 1999 roku co stanowi najwi\u0119ksze do\u015bwiadczenie i\u00a0 najwi\u0119ksz\u0105 baz\u0119 wiedzy w\u015br\u00f3d okolicznych serwis\u00f3w GSM. Nasz serwis gwarantuje dobr\u0105 i szybk\u0105 napraw\u0119. Do napraw u\u017cywamy oryginalnych podzespo\u0142\u00f3w, na kt\u00f3re dajemy gwarancj\u0119 producenta. Dobry serwis to r\u00f3wnie\u017c dobrzy serwisanci. Nasi serwisanci maj\u0105 d\u0142ugoletnie do\u015bwiadczenie w dziedzinie napraw sprz\u0119tu GSM dlatego &hellip; <\/p>\n<p class=\"link-more\"><a href=\"https:\/\/mserwis.info\/\" class=\"more-link\">Czytaj dalej<span class=\"screen-reader-text\"> \u201eO nas\u201d<\/span><\/a><\/p>\n","protected":false},"author":1,"featured_media":0,"parent":0,"menu_order":0,"comment_status":"closed","ping_status":"closed","template":"","meta":{"footnotes":""},"class_list":["post-9","page","type-page","status-publish","hentry"],"_links":{"self":[{"href":"https:\/\/mserwis.info\/index.php?rest_route=\/wp\/v2\/pages\/9","targetHints":{"allow":["GET"]}}],"collection":[{"href":"https:\/\/mserwis.info\/index.php?rest_route=\/wp\/v2\/pages"}],"about":[{"href":"https:\/\/mserwis.info\/index.php?rest_route=\/wp\/v2\/types\/page"}],"author":[{"embeddable":true,"href":"https:\/\/mserwis.info\/index.php?rest_route=\/wp\/v2\/users\/1"}],"replies":[{"embeddable":true,"href":"https:\/\/mserwis.info\/index.php?rest_route=%2Fwp%2Fv2%2Fcomments&post=9"}],"version-history":[{"count":4,"href":"https:\/\/mserwis.info\/index.php?rest_route=\/wp\/v2\/pages\/9\/revisions"}],"predecessor-version":[{"id":117,"href":"https:\/\/mserwis.info\/index.php?rest_route=\/wp\/v2\/pages\/9\/revisions\/117"}],"wp:attachment":[{"href":"https:\/\/mserwis.info\/index.php?rest_route=%2Fwp%2Fv2%2Fmedia&parent=9"}],"curies":[{"name":"wp","href":"https:\/\/api.w.org\/{rel}","templated":true}]}}