{"id":44,"date":"2019-03-10T21:49:51","date_gmt":"2019-03-10T20:49:51","guid":{"rendered":"http:\/\/serwisgsm.sanok.pl\/?page_id=44"},"modified":"2025-06-02T12:32:06","modified_gmt":"2025-06-02T10:32:06","slug":"zlec-naprawe","status":"publish","type":"page","link":"https:\/\/mserwis.info\/?page_id=44","title":{"rendered":"ZLE\u0106 NAPRAW\u0118 ONLINE"},"content":{"rendered":"\n<p>US\u0141UGA CHWILOWO NIEDOST\u0118PNA.<br>Aby zleci\u0107 napraw\u0119 online prosimy o kontakt na<br>e-mail: serwis@mserwis.info<br>lub <br>tel.: 725-832-333<\/p>\n\n\n\n<p><\/p>\n","protected":false},"excerpt":{"rendered":"<p>US\u0141UGA CHWILOWO NIEDOST\u0118PNA.Aby zleci\u0107 napraw\u0119 online prosimy o kontakt nae-mail: serwis@mserwis.infolub tel.: 725-832-333<\/p>\n","protected":false},"author":1,"featured_media":0,"parent":0,"menu_order":0,"comment_status":"closed","ping_status":"closed","template":"","meta":{"footnotes":""},"class_list":["post-44","page","type-page","status-publish","hentry"],"_links":{"self":[{"href":"https:\/\/mserwis.info\/index.php?rest_route=\/wp\/v2\/pages\/44","targetHints":{"allow":["GET"]}}],"collection":[{"href":"https:\/\/mserwis.info\/index.php?rest_route=\/wp\/v2\/pages"}],"about":[{"href":"https:\/\/mserwis.info\/index.php?rest_route=\/wp\/v2\/types\/page"}],"author":[{"embeddable":true,"href":"https:\/\/mserwis.info\/index.php?rest_route=\/wp\/v2\/users\/1"}],"replies":[{"embeddable":true,"href":"https:\/\/mserwis.info\/index.php?rest_route=%2Fwp%2Fv2%2Fcomments&post=44"}],"version-history":[{"count":6,"href":"https:\/\/mserwis.info\/index.php?rest_route=\/wp\/v2\/pages\/44\/revisions"}],"predecessor-version":[{"id":146,"href":"https:\/\/mserwis.info\/index.php?rest_route=\/wp\/v2\/pages\/44\/revisions\/146"}],"wp:attachment":[{"href":"https:\/\/mserwis.info\/index.php?rest_route=%2Fwp%2Fv2%2Fmedia&parent=44"}],"curies":[{"name":"wp","href":"https:\/\/api.w.org\/{rel}","templated":true}]}}